{"id":333,"date":"2012-07-08T16:49:28","date_gmt":"2012-07-08T15:49:28","guid":{"rendered":"http:\/\/www.compatoon.com\/?page_id=333"},"modified":"2015-12-09T00:04:13","modified_gmt":"2015-12-08T23:04:13","slug":"toonexpo-user-doc","status":"publish","type":"page","link":"http:\/\/www.compatoon.com\/?page_id=333&lang=fr","title":{"rendered":"ToonExpo &#8211; Documentation Utilisateur"},"content":{"rendered":"<p style=\"text-align: center;\"><strong><span style=\"text-decoration: underline;\">Installation<\/span><\/strong><strong><span style=\"text-decoration: underline;\"><a href=\"http:\/\/www.compatoon.com\/?attachment_id=783\" rel=\"attachment wp-att-637\"><img loading=\"lazy\" decoding=\"async\" class=\" wp-image-783 size-full alignright\" src=\"http:\/\/www.compatoon.com\/wp-content\/uploads\/vignetteToonExpoBlack240.jpg\" alt=\"\" width=\"240\" height=\"240\" srcset=\"http:\/\/www.compatoon.com\/wp-content\/uploads\/vignetteToonExpoBlack240.jpg 240w, http:\/\/www.compatoon.com\/wp-content\/uploads\/vignetteToonExpoBlack240-150x150.jpg 150w\" sizes=\"auto, (max-width: 240px) 100vw, 240px\" \/><\/a><\/span><\/strong><\/p>\n<ul>\n<li>Fermer AfterEffect<\/li>\n<li>Lancer le setup <strong>ToonExpo4After-Vxx-setup.exe<\/strong> qui se trouve dans le fichier zipp\u00e9<\/li>\n<li>Extraire le r\u00e9pertoire exemple <strong>toonExpoSample<\/strong> (aussi dans le fichier zipp\u00e9) sur votre Bureau<\/li>\n<li>Rouvrir After Effect<\/li>\n<li>Ouvrir le PlugIn <em><strong>toonExpo<\/strong><\/em>: Menu <strong>Fen\u00eatre<\/strong> &gt;&gt; <strong>toonExpo<\/strong><\/li>\n<li>Ouvrir le fichier exemple <strong>toonExpoSample-CS3.aep <\/strong>se trouvant dans le dossier<strong>\u00a0<strong>toonExpoSample<\/strong>\u00a0<\/strong>(sur le Bureau).<\/li>\n<\/ul>\n<p style=\"text-align: center;\"><span style=\"text-decoration: underline;\"><strong>Utilisation<\/strong><\/span><\/p>\n<h3><strong>G\u00e9n\u00e9ralit\u00e9s<\/strong><\/h3>\n<ul>\n<li style=\"font-size: medium;\">Le plug s&rsquo;active sur la composition courante s\u00e9lectionn\u00e9 dans le panneau <em><strong>Projet <\/strong>d&rsquo;<\/em>After Effect.<br \/>\nSi autre chose qu&rsquo;une compo est s\u00e9l\u00e9ctionn\u00e9 dans cette fen\u00e8tre , le plug n&rsquo;affiche rien.<\/li>\n<li style=\"font-size: medium;\"><span style=\"font-size: 16px;\">Le bouton <\/span><strong style=\"font-size: 16px;\">Update\u00a0<\/strong><span style=\"font-size: 16px;\"><span style=\"font-size: 16px;\">(en haut \u00e0 droite du Plug) permet de rafra\u00eechir la grille quand de grosses modifications sont effetu\u00e9es dans la compo After.<br \/>\n<\/span><\/span><span style=\"font-size: 16px;\">&#8211; Changement de la longueur de la compo,<br \/>\n<\/span><span style=\"font-size: 16px;\">&#8211; Insertion, Suppression, D\u00e9placement de Layers &#8230;<br \/>\n<\/span><span style=\"font-size: 16px;\">Il est donc <strong>Important<\/strong> de cliquer dessus apr\u00e8s ces modifications.<\/span><\/li>\n<\/ul>\n<ul style=\"font-size: medium;\">\n<li>Le Plug g\u00e8re des s\u00e9quences d&rsquo;images <strong>png <\/strong>num\u00e9rot\u00e9es de <strong>N<\/strong> \u00e0 <strong>M<\/strong>. <strong>N<\/strong> devant \u00eatre sup\u00e9rieur \u00e0 <strong>Z\u00e9ro<\/strong>. <em><em>Ex: A0001.png,A0002.png &#8230;<\/em><\/em><\/li>\n<li>L&rsquo;image <strong>Z\u00e9ro <\/strong>est<strong>\u00a0<\/strong>consid\u00e9r\u00e9 comme l&rsquo;image vide (ou non expos\u00e9e). Cette image est cr\u00e9e par le Plug au chargement d&rsquo;une s\u00e9quence.<\/li>\n<li>Le principe d&rsquo;exposition utilis\u00e9 est celui du <strong>TimeRemaping <\/strong>sur les s\u00e9quences d&rsquo;images.<\/li>\n<li><span style=\"font-size: 16px;\">Ce Plug est en constant d\u00e9veloppement, de nombreuses fonctionnalit\u00e9s appara\u00eetront r\u00e9guli\u00e8rement.<\/span><br style=\"font-size: 16px;\" \/><span style=\"font-size: 16px;\">L&rsquo;onglet\u00a0<\/span><strong style=\"font-size: 16px;\">Board<\/strong><span style=\"font-size: 16px;\">\u00a0du plug permet de signaler directement un bug ou proposer une suggestion au d\u00e9veloppeur.<\/span><\/li>\n<\/ul>\n<h3><strong>Affichage<\/strong><\/h3>\n<ul style=\"font-size: medium;\">\n<li>Le sous menu du Plug (en haut \u00e0 droite du Plug) donne acc\u00e8s \u00e0 l&rsquo;affichage\/masquage des diff\u00e9rents composants: Graph \/ Grid \/ Log<\/li>\n<\/ul>\n<h3><strong>D\u00e9placement dans la feuille d&rsquo;expo<\/strong><\/h3>\n<ul style=\"font-size: medium;\">\n<li>Le d\u00e9placement s&rsquo;effectue indiff\u00e9remment \u00e0 la souris ou avec les fl\u00e8ches du clavier<\/li>\n<li>Pour <strong>Synchroniser <\/strong>la s\u00e9lection courante (ligne\/colonne) entre le <strong>Plug<\/strong> et <strong>AE<\/strong> (After Effect), Se positionner sur l&rsquo;onglet <strong>Setup<\/strong> du Plug et cocher les cases <strong>SyncColomnWithAE <\/strong>ou\/et\u00a0<strong>SyncCImaWithAE <\/strong>(respectivement colonne et ligne).<\/li>\n<\/ul>\n<h3><strong>Edition<\/strong><\/h3>\n<ul>\n<li><strong>Edition d&rsquo;une Cellule<\/strong>:<br \/>\nSaisir dans la cellule un num\u00e9ro de ligne correspondant \u00e0 une image de la s\u00e9quence ou du vide (barre d&rsquo;espace).\u00a0Une image non existante sera soit remplac\u00e9 par une image vide soit affichera une mire dans <strong><strong>AE.<\/strong><\/strong><\/li>\n<li>Les <strong>~ <\/strong>indiquent simplement que le num\u00e9ro d&rsquo;image est identique \u00e0 la cellule sup\u00e9rieure.<\/li>\n<li><a href=\"http:\/\/www.compatoon.com\/?attachment_id=641\" rel=\"attachment wp-att-641\"><img loading=\"lazy\" decoding=\"async\" class=\"size-full wp-image-641 alignright\" src=\"http:\/\/www.compatoon.com\/wp-content\/uploads\/toonExpoV6-serie.jpg\" alt=\"toonExpoV6-serie\" width=\"200\" height=\"235\" \/><\/a>Un click droit sur la souris ouvre un <strong>menu contextuel<\/strong> permettant diff\u00e9rentes actions.<br \/>\nCertaines de ces action (<strong>Cut,Copy,Serie,Cycle,Insert,Clear,Remove<\/strong>) se basent sur la s\u00e9lection de plusieurs images et ou colonnes.<\/p>\n<ul>\n<li>Cr\u00e9er une \u00a0<strong>Serie<br \/>\n<\/strong>Le plug G\u00e8re les s\u00e9ries de fa\u00e7on \u00ab\u00a0intelligente\u00a0\u00bb en fonction du d\u00e9but de la s\u00e9rie d\u00e9j\u00e0 tap\u00e9. Il convient donc de s\u00e9lectionner en premier lieu le bloc de d\u00e9but de s\u00e9rie.<br \/>\nEx: case selectionn\u00e9e: \u00a0 \u00a0[<strong>2<\/strong>] \u00a0 \u00a0\u00a0 =&gt; serie cr\u00e9\u00e9e =&gt; <strong>2<\/strong>,<strong><span style=\"color: #ff0000;\">3,4,5,6 &#8230;<\/span><\/strong><br \/>\nEx: cases selectionn\u00e9es: [<strong>2,4<\/strong>] =&gt; serie cr\u00e9\u00e9e =&gt; <strong>2,4<span style=\"color: #ff0000;\">,6,8 \u00a0&#8230;<\/span><\/strong><br \/>\nEx: cases selectionn\u00e9es: [<strong>5,4<\/strong>] =&gt; serie cr\u00e9\u00e9e =&gt; <strong>5,4,<span style=\"color: #ff0000;\">3,2,1 \u00a0&#8230;<\/span><\/strong><br \/>\nEx: cases selectionn\u00e9es: [<strong>1,101,2<\/strong>]\u00a0 =&gt; serie cr\u00e9\u00e9e =&gt; <strong>1,101,2<span style=\"color: #ff0000;\">,102,3,103 \u00a0&#8230;<br \/>\n<\/span><\/strong><span style=\"color: #000000;\">Puis menu\u00a0<strong>Serie<\/strong><\/span><\/li>\n<li>Cr\u00e9er un <strong>Cycle<\/strong> d&rsquo;anim\n<ul>\n<li>Un cycle est une s\u00e9quence rep\u00e9titive Ex:<strong> 2,3,6<\/strong><span style=\"color: #ff0000;\">,<\/span><strong><span style=\"color: #ff0000;\">2,3,6,2,3,6,&#8230;<\/span><\/strong><br \/>\n<span style=\"color: #000000;\">Dans le m\u00eame esprit que pour une s\u00e9rie,\u00a0s\u00e9lectionner le bloc \u00e0 r\u00e9p\u00e9ter puis menu <strong>Cycle<\/strong><\/span><\/li>\n<\/ul>\n<\/li>\n<li><\/li>\n<\/ul>\n<\/li>\n<li><span style=\"font-size: 16px;\">Pour \u00e9diter l&rsquo;exposition d&rsquo;une image fixe (D\u00e9but\/Fin d&rsquo;exposition), Utiliser le menu Contextuel d&rsquo;une cellule (<\/span><strong style=\"font-size: 16px;\">Start Expo<\/strong><span style=\"font-size: 16px;\">\/<\/span><strong style=\"font-size: 16px;\">End Expo<\/strong><span style=\"font-size: 16px;\">) ou les touches (<\/span><strong style=\"font-size: 16px;\">Home<\/strong><span style=\"font-size: 16px;\">\/<\/span><strong style=\"font-size: 16px;\">End<\/strong><span style=\"font-size: 16px;\">) du clavier.<\/span><\/li>\n<\/ul>\n<h3><strong>Les Transformations<\/strong><\/h3>\n<ul>\n<li>L&rsquo;onglet <strong>Transform <\/strong>donne acc\u00e8s au fonctions de d\u00e9placement\/positionnement du layer ou de l&rsquo;image courante.<\/li>\n<li>Les cases \u00e0 cocher <strong>Key &#8230; <\/strong>permettent d&rsquo;activer\/d\u00e9sactiver des cl\u00e9s de controle sur ces valeurs. Les Cellules contenant des cl\u00e9s sont affich\u00e9es en rouge.<\/li>\n<\/ul>\n<h3><strong>Les Effets<\/strong><\/h3>\n<ul>\n<li>Les Efx les plus courants sont directement accessibles via l&rsquo;onglet <strong>Effect.<br \/>\n<\/strong>Activer ces valeurs va cr\u00e9er (ou modifier) dans AE l&rsquo;effet correspondant.<br \/>\nIl n&rsquo;y a pas possibilit\u00e9 de placer des cl\u00e9s \u00e0 ce niveau la.<\/li>\n<\/ul>\n<h3><strong>Importation d&rsquo;une s\u00e9quence d&rsquo;image<\/strong><\/h3>\n<ul>\n<li>L&rsquo;onglet <strong>NewCol\u00a0<\/strong>permet d&rsquo;ins\u00e9rer une nouvelle colonne dans la compo.<br \/>\nSi aucun footage ne correspond, le Plug va le charger \u00e0 partir des images sur le disque.<\/li>\n<li>Les images doivent se trouver au m\u00eame endroit que le fichier <strong>AEP<\/strong> du projet<\/li>\n<li><strong>Deux type de colonnes sont possible:<\/strong>\n<ul>\n<li><strong>Une image fixe<\/strong> (Ex D\u00e9cor, Overlay &#8230;).<br \/>\nChoisir Type =\u00a0<strong>FIXE<\/strong><br \/>\nSaisir le nom de l&rsquo;image (sans extension) dans le champ\u00a0<strong>Name:<\/strong><br \/>\nSaisir l&rsquo;extension dans la liste <strong>Ext<br \/>\n<\/strong>puis cliquer sur le bouton <strong>NewCol<br \/>\n<\/strong>Pour \u00e9diter l&rsquo;exposition d&rsquo;une image fixe (D\u00e9but\/Fin d&rsquo;exposition), Utiliser le menu Contextuel d&rsquo;une cellule (<strong>Start Expo<\/strong>\/<strong>End Expo<\/strong>) ou les touches (<strong>Home<\/strong>\/<strong>End<\/strong>) du clavier.<\/li>\n<li><strong>Une s\u00e9quence Anim\u00e9e<br \/>\n<\/strong>Choisir Type =\u00a0<strong>SEQUENCE<br \/>\n<\/strong>Saisir le nom de l&rsquo;image (sans chiffres ni extension) dans le champ\u00a0<strong>Name:<br \/>\nEx: A0001.png A0002.png <\/strong>=&gt; Saisir<strong>\u00a0<\/strong>uniquement<strong> A<br \/>\n<\/strong>Saisir l&rsquo;extension dans la liste\u00a0<strong>Ext<br \/>\n<\/strong>puis cliquer sur le bouton\u00a0<strong>NewCol<\/strong><\/li>\n<\/ul>\n<\/li>\n<\/ul>\n<p><strong>\u00a0<\/strong><\/p>\n<p>&nbsp;<\/p>\n<p>&nbsp;<\/p>\n<p>&nbsp;<\/p>\n","protected":false},"excerpt":{"rendered":"<p>Installation Fermer AfterEffect Lancer le setup ToonExpo4After-Vxx-setup.exe qui se trouve dans le fichier zipp\u00e9 Extraire le r\u00e9pertoire exemple toonExpoSample (aussi dans le fichier zipp\u00e9) sur votre Bureau Rouvrir After Effect Ouvrir le PlugIn toonExpo: Menu Fen\u00eatre &gt;&gt; toonExpo Ouvrir le &hellip; <a href=\"http:\/\/www.compatoon.com\/?page_id=333&#038;lang=fr\">Continuer la lecture <span class=\"meta-nav\">&rarr;<\/span><\/a><\/p>\n","protected":false},"author":1,"featured_media":0,"parent":0,"menu_order":0,"comment_status":"closed","ping_status":"closed","template":"onecolumn-page.php","meta":{"footnotes":""},"class_list":["post-333","page","type-page","status-publish","hentry"],"_links":{"self":[{"href":"http:\/\/www.compatoon.com\/index.php?rest_route=\/wp\/v2\/pages\/333","targetHints":{"allow":["GET"]}}],"collection":[{"href":"http:\/\/www.compatoon.com\/index.php?rest_route=\/wp\/v2\/pages"}],"about":[{"href":"http:\/\/www.compatoon.com\/index.php?rest_route=\/wp\/v2\/types\/page"}],"author":[{"embeddable":true,"href":"http:\/\/www.compatoon.com\/index.php?rest_route=\/wp\/v2\/users\/1"}],"replies":[{"embeddable":true,"href":"http:\/\/www.compatoon.com\/index.php?rest_route=%2Fwp%2Fv2%2Fcomments&post=333"}],"version-history":[{"count":33,"href":"http:\/\/www.compatoon.com\/index.php?rest_route=\/wp\/v2\/pages\/333\/revisions"}],"predecessor-version":[{"id":847,"href":"http:\/\/www.compatoon.com\/index.php?rest_route=\/wp\/v2\/pages\/333\/revisions\/847"}],"wp:attachment":[{"href":"http:\/\/www.compatoon.com\/index.php?rest_route=%2Fwp%2Fv2%2Fmedia&parent=333"}],"curies":[{"name":"wp","href":"https:\/\/api.w.org\/{rel}","templated":true}]}}