{"id":838,"date":"2011-11-22T20:29:53","date_gmt":"2011-11-22T19:29:53","guid":{"rendered":"http:\/\/twinstef.no-ip.org\/wordpress\/?page_id=13"},"modified":"2018-01-08T12:18:07","modified_gmt":"2018-01-08T11:18:07","slug":"page-3-2","status":"publish","type":"page","link":"http:\/\/www.compatoon.com\/?page_id=838&lang=fr","title":{"rendered":"T\u00e9l\u00e9chargements"},"content":{"rendered":"<address>\n<address>\n<hr \/>\n<\/address>\n<address><a href=\"http:\/\/www.compatoon.com\/?ddownload=546\" title=\"Download <b>ToonExpo (Free Edition) + Sample Files<\/b><br>( Windows After Effects CS\/CC )\" rel=\"nofollow\" class=\"ddownload-button button-blue id-546 ext-zip\">Download <b>ToonExpo (Free Edition) + Sample Files<\/b><br>( Windows After Effects CS\/CC )<\/a><\/address>\n<\/address>\n<address>\u00a0<\/address>\n<address>\n<hr \/>\n<\/address>\n<address><a href=\"http:\/\/www.compatoon.com\/?ddownload=656\" title=\"Download <b>ToonBox<\/b> <br>Windows X64\" rel=\"nofollow\" class=\"ddownload-button button-blue id-656 ext-zip\">Download <b>ToonBox<\/b> <br>Windows X64<\/a>&nbsp;&nbsp;&nbsp;&nbsp;<a href=\"http:\/\/www.compatoon.com\/?ddownload=949\" title=\"Download <b>ToonBox<\/b> <br>Mac OSX\" rel=\"nofollow\" class=\"ddownload-button button-blue id-949 ext-dmg\">Download <b>ToonBox<\/b> <br>Mac OSX<\/a><\/address>\n<address>\u00a0<\/address>\n<address>\n<hr \/>\n<\/address>\n<address>\n<address><a href=\"http:\/\/www.compatoon.com\/?ddownload=700\" title=\"Download <b>ToonBox4After<\/b><br>( Windows After Effects CS\/CC)\" rel=\"nofollow\" class=\"ddownload-button button-blue id-700 ext-zip\">Download <b>ToonBox4After<\/b><br>( Windows After Effects CS\/CC)<\/a><\/address>\n<\/address>\n<address>\u00a0<\/address>\n<p><span style=\"text-decoration: underline;\">Version de d\u00e9veloppement :<\/span><\/p>\n<pre>Si vous souhaitez tester et contribuer \u00e0 la version de d\u00e9veloppement\u00a0\r\n<a title=\"Contact\" href=\"http:\/\/www.compatoon.com\/?page_id=254\">cliquez ici <\/a>pour demander un code d'acc\u00e8s puis vous allez sur <a title=\"D\u00e9veloppement\" href=\"http:\/\/www.compatoon.com\/?page_id=219\">cette page<\/a>.<\/pre>\n","protected":false},"excerpt":{"rendered":"<p>\u00a0 &nbsp;&nbsp;&nbsp;&nbsp; \u00a0 \u00a0 Version de d\u00e9veloppement : Si vous souhaitez tester et contribuer \u00e0 la version de d\u00e9veloppement\u00a0 cliquez ici pour demander un code d&rsquo;acc\u00e8s puis vous allez sur cette page.<\/p>\n","protected":false},"author":1,"featured_media":0,"parent":0,"menu_order":0,"comment_status":"closed","ping_status":"closed","template":"onecolumn-page.php","meta":{"footnotes":""},"class_list":["post-838","page","type-page","status-publish","hentry"],"_links":{"self":[{"href":"http:\/\/www.compatoon.com\/index.php?rest_route=\/wp\/v2\/pages\/838","targetHints":{"allow":["GET"]}}],"collection":[{"href":"http:\/\/www.compatoon.com\/index.php?rest_route=\/wp\/v2\/pages"}],"about":[{"href":"http:\/\/www.compatoon.com\/index.php?rest_route=\/wp\/v2\/types\/page"}],"author":[{"embeddable":true,"href":"http:\/\/www.compatoon.com\/index.php?rest_route=\/wp\/v2\/users\/1"}],"replies":[{"embeddable":true,"href":"http:\/\/www.compatoon.com\/index.php?rest_route=%2Fwp%2Fv2%2Fcomments&post=838"}],"version-history":[{"count":3,"href":"http:\/\/www.compatoon.com\/index.php?rest_route=\/wp\/v2\/pages\/838\/revisions"}],"predecessor-version":[{"id":958,"href":"http:\/\/www.compatoon.com\/index.php?rest_route=\/wp\/v2\/pages\/838\/revisions\/958"}],"wp:attachment":[{"href":"http:\/\/www.compatoon.com\/index.php?rest_route=%2Fwp%2Fv2%2Fmedia&parent=838"}],"curies":[{"name":"wp","href":"https:\/\/api.w.org\/{rel}","templated":true}]}}